{"id":270,"date":"2024-07-07T13:24:01","date_gmt":"2024-07-07T13:24:01","guid":{"rendered":"https:\/\/www.campinglaportedesfagnes.net\/?page_id=270"},"modified":"2024-08-25T17:46:57","modified_gmt":"2024-08-25T17:46:57","slug":"mentions-legales","status":"publish","type":"page","link":"https:\/\/www.campinglaportedesfagnes.net\/?page_id=270","title":{"rendered":"Mentions l\u00e9gales"},"content":{"rendered":"\n<h3 class=\"wp-block-heading\">\u00c9diteur du site<\/h3>\n\n\n\n<p>Le site <strong>Camping La Porte des Fagnes<\/strong> est \u00e9dit\u00e9 par la soci\u00e9t\u00e9 :<\/p>\n\n\n\n<p><strong>SRL La Porte des Fagnes<\/strong><br>Si\u00e8ge social : Rue de Touvent 33A, 6470 Sivry-Rance  <br><\/p>\n\n\n\n<h3 class=\"wp-block-heading\">Responsable de la publication<\/h3>\n\n\n\n<p><strong>SRL La Porte des Fagnes<\/strong><br>Si\u00e8ge social : Rue de Touvent 33A, 6470 Sivry-Rance <\/p>\n\n\n\n<h3 class=\"wp-block-heading\">H\u00e9bergeur du site<\/h3>\n\n\n\n<p>Le site <strong>Camping La Porte des Fagnes<\/strong> est h\u00e9berg\u00e9 par :<\/p>\n\n\n\n<p><strong>OVH<\/strong><br>Si\u00e8ge social : 2 rue Kellermann, 59100 Roubaix, France<br>Site web : <a href=\"https:\/\/www.ovhcloud.com\/fr\/\">https:\/\/www.ovhcloud.com\/fr\/<\/a><\/p>\n","protected":false},"excerpt":{"rendered":"<p>\u00c9diteur du site Le site Camping La Porte des Fagnes est \u00e9dit\u00e9 par la soci\u00e9t\u00e9 : SRL La Porte des FagnesSi\u00e8ge social : Rue de Touvent 33A, 6470 Sivry-Rance Responsable de la publication SRL La Porte des FagnesSi\u00e8ge social : Rue de Touvent 33A, 6470 Sivry-Rance H\u00e9bergeur du site Le site Camping La Porte des [&hellip;]<\/p>\n","protected":false},"author":1,"featured_media":0,"parent":0,"menu_order":0,"comment_status":"closed","ping_status":"closed","template":"","meta":{"footnotes":""},"class_list":["post-270","page","type-page","status-publish","hentry"],"_links":{"self":[{"href":"https:\/\/www.campinglaportedesfagnes.net\/index.php?rest_route=\/wp\/v2\/pages\/270","targetHints":{"allow":["GET"]}}],"collection":[{"href":"https:\/\/www.campinglaportedesfagnes.net\/index.php?rest_route=\/wp\/v2\/pages"}],"about":[{"href":"https:\/\/www.campinglaportedesfagnes.net\/index.php?rest_route=\/wp\/v2\/types\/page"}],"author":[{"embeddable":true,"href":"https:\/\/www.campinglaportedesfagnes.net\/index.php?rest_route=\/wp\/v2\/users\/1"}],"replies":[{"embeddable":true,"href":"https:\/\/www.campinglaportedesfagnes.net\/index.php?rest_route=%2Fwp%2Fv2%2Fcomments&post=270"}],"version-history":[{"count":3,"href":"https:\/\/www.campinglaportedesfagnes.net\/index.php?rest_route=\/wp\/v2\/pages\/270\/revisions"}],"predecessor-version":[{"id":306,"href":"https:\/\/www.campinglaportedesfagnes.net\/index.php?rest_route=\/wp\/v2\/pages\/270\/revisions\/306"}],"wp:attachment":[{"href":"https:\/\/www.campinglaportedesfagnes.net\/index.php?rest_route=%2Fwp%2Fv2%2Fmedia&parent=270"}],"curies":[{"name":"wp","href":"https:\/\/api.w.org\/{rel}","templated":true}]}}