{"id":15,"date":"2023-12-25T21:27:15","date_gmt":"2023-12-25T21:27:15","guid":{"rendered":"https:\/\/www.campinglaportedesfagnes.net\/?page_id=15"},"modified":"2024-08-25T18:28:04","modified_gmt":"2024-08-25T18:28:04","slug":"accueil","status":"publish","type":"page","link":"https:\/\/www.campinglaportedesfagnes.net\/","title":{"rendered":"Accueil"},"content":{"rendered":"\n<p class=\"has-text-align-center\"><strong>Bienvenue au Camping de la Porte des Fagnes !<\/strong><\/p>\n\n\n\n<p>Situ\u00e9 dans la magnifique botte du Hainaut, le terrain de caravanage <strong>\u00abLa Porte des Fagnes\u00bb<\/strong> vous propose un v\u00e9ritable havre de paix et de tranquillit\u00e9. Vous serez enchant\u00e9s par sa proximit\u00e9 imm\u00e9diate avec le <strong>lac du Val Joly<\/strong>, un cadre naturel exceptionnel o\u00f9 se m\u00ealent d\u00e9tente et activit\u00e9s de plein air.<\/p>\n\n\n\n<p class=\"has-text-align-center\">Entre <strong>Sivry<\/strong> (Belgique) et <strong>Eppe-Sauvage<\/strong> (France), notre camping se trouve dans un environnement remarquable. Profitez de la richesse culturelle et gastronomique de la r\u00e9gion, notamment \u00e0 <strong>15 km de Chimay<\/strong>, c\u00e9l\u00e8bre pour son ch\u00e2teau, sa bi\u00e8re et son fromage. Nous sommes \u00e9galement id\u00e9alement situ\u00e9s \u00e0 <strong>40 km de Mons<\/strong> et de <strong>Charleroi<\/strong>, permettant ainsi de nombreuses excursions.<\/p>\n\n\n\n<figure class=\"wp-block-gallery has-nested-images columns-default is-cropped wp-block-gallery-1 is-layout-flex wp-block-gallery-is-layout-flex\">\n<figure class=\"wp-block-image size-large\"><img loading=\"lazy\" decoding=\"async\" width=\"550\" height=\"412\" data-id=\"23\" src=\"https:\/\/www.campinglaportedesfagnes.net\/wp-content\/uploads\/2023\/12\/valjoly.jpg\" alt=\"\" class=\"wp-image-23\"\/><\/figure>\n\n\n\n<figure class=\"wp-block-image size-large\"><img loading=\"lazy\" decoding=\"async\" width=\"800\" height=\"600\" data-id=\"174\" src=\"https:\/\/www.campinglaportedesfagnes.net\/wp-content\/uploads\/2024\/07\/chimay-150-et-le-gourmet.png\" alt=\"\" class=\"wp-image-174\"\/><\/figure>\n\n\n\n<figure class=\"wp-block-image size-large\"><img loading=\"lazy\" decoding=\"async\" width=\"680\" height=\"510\" data-id=\"175\" src=\"https:\/\/www.campinglaportedesfagnes.net\/wp-content\/uploads\/2024\/07\/Chateau_Chimaycde_pinxi.jpg\" alt=\"\" class=\"wp-image-175\"\/><\/figure>\n<\/figure>\n\n\n\n<hr class=\"wp-block-separator has-alpha-channel-opacity\"\/>\n\n\n\n<h5 class=\"wp-block-heading has-text-align-center\">Pour votre confort<\/h5>\n\n\n\n<ul class=\"wp-block-list\">\n<li><strong>Parcelles spacieuses et arbor\u00e9es<\/strong> : Profitez de vastes espaces ombrag\u00e9s pour un s\u00e9jour agr\u00e9able et reposant.<\/li>\n\n\n\n<li><strong>Confort moderne<\/strong> : Toutes les parcelles sont reli\u00e9es \u00e0 l&rsquo;\u00e9lectricit\u00e9, \u00e0 l&rsquo;eau et au syst\u00e8me d&rsquo;\u00e9gouts via une station d&rsquo;\u00e9puration.<\/li>\n\n\n\n<li><strong>Connexion WIFI Haut d\u00e9bit Gratuit<\/strong> : 7jours\/7jours, 24h\/24h<\/li>\n\n\n\n<li><strong>Commodit\u00e9s \u00e0 proximit\u00e9<\/strong> : Brasserie, boulangerie, commerces alimentaires et restaurants sont facilement accessibles pour r\u00e9pondre \u00e0 tous vos besoins.<\/li>\n<\/ul>\n\n\n\n<figure class=\"wp-block-gallery has-nested-images columns-default is-cropped wp-block-gallery-2 is-layout-flex wp-block-gallery-is-layout-flex\">\n<figure class=\"wp-block-image size-large\"><img loading=\"lazy\" decoding=\"async\" width=\"640\" height=\"480\" data-id=\"120\" src=\"https:\/\/www.campinglaportedesfagnes.net\/wp-content\/uploads\/2024\/06\/camping-la-porte-des-fagnes-2.jpg\" alt=\"\" class=\"wp-image-120\"\/><\/figure>\n\n\n\n<figure class=\"wp-block-image size-large\"><img loading=\"lazy\" decoding=\"async\" width=\"600\" height=\"458\" data-id=\"177\" src=\"https:\/\/www.campinglaportedesfagnes.net\/wp-content\/uploads\/2024\/07\/6b483174-e4a1-4b15-ac67-a80cbb19027f-1.jpeg\" alt=\"\" class=\"wp-image-177\"\/><\/figure>\n\n\n\n<figure class=\"wp-block-image size-large\"><img loading=\"lazy\" decoding=\"async\" width=\"600\" height=\"450\" data-id=\"33\" src=\"https:\/\/www.campinglaportedesfagnes.net\/wp-content\/uploads\/2023\/12\/terrain.jpg\" alt=\"\" class=\"wp-image-33\"\/><\/figure>\n<figcaption class=\"blocks-gallery-caption wp-element-caption\"><strong>Quatre sortes d&#8217;emplacements: Petits, grands, XL et XXL<\/strong><\/figcaption><\/figure>\n\n\n\n<p class=\"has-text-align-center\">Venez d\u00e9couvrir un lieu o\u00f9 nature et confort se rencontrent, pour une exp\u00e9rience unique tout au long de l&rsquo;ann\u00e9e.<\/p>\n\n\n\n<p class=\"has-text-align-center\"><strong>Le camping La Porte des Fagnes vous attend pour des moments inoubliables!<\/strong><\/p>\n\n\n\n<figure class=\"wp-block-embed is-type-video is-provider-youtube wp-block-embed-youtube wp-embed-aspect-16-9 wp-has-aspect-ratio\"><div class=\"wp-block-embed__wrapper\">\n<iframe loading=\"lazy\" title=\"Camping la Porte des Fagnes\" width=\"500\" height=\"281\" src=\"https:\/\/www.youtube.com\/embed\/Y3ayxfIlZXI?start=3&#038;feature=oembed\" frameborder=\"0\" allow=\"accelerometer; autoplay; clipboard-write; encrypted-media; gyroscope; picture-in-picture; web-share\" referrerpolicy=\"strict-origin-when-cross-origin\" allowfullscreen><\/iframe>\n<\/div><\/figure>\n\n\n\n<p><\/p>\n","protected":false},"excerpt":{"rendered":"<p>Bienvenue au Camping de la Porte des Fagnes ! Situ\u00e9 dans la magnifique botte du Hainaut, le terrain de caravanage \u00abLa Porte des Fagnes\u00bb vous propose un v\u00e9ritable havre de paix et de tranquillit\u00e9. Vous serez enchant\u00e9s par sa proximit\u00e9 imm\u00e9diate avec le lac du Val Joly, un cadre naturel exceptionnel o\u00f9 se m\u00ealent d\u00e9tente [&hellip;]<\/p>\n","protected":false},"author":1,"featured_media":0,"parent":0,"menu_order":0,"comment_status":"closed","ping_status":"closed","template":"","meta":{"footnotes":""},"class_list":["post-15","page","type-page","status-publish","hentry"],"_links":{"self":[{"href":"https:\/\/www.campinglaportedesfagnes.net\/index.php?rest_route=\/wp\/v2\/pages\/15","targetHints":{"allow":["GET"]}}],"collection":[{"href":"https:\/\/www.campinglaportedesfagnes.net\/index.php?rest_route=\/wp\/v2\/pages"}],"about":[{"href":"https:\/\/www.campinglaportedesfagnes.net\/index.php?rest_route=\/wp\/v2\/types\/page"}],"author":[{"embeddable":true,"href":"https:\/\/www.campinglaportedesfagnes.net\/index.php?rest_route=\/wp\/v2\/users\/1"}],"replies":[{"embeddable":true,"href":"https:\/\/www.campinglaportedesfagnes.net\/index.php?rest_route=%2Fwp%2Fv2%2Fcomments&post=15"}],"version-history":[{"count":16,"href":"https:\/\/www.campinglaportedesfagnes.net\/index.php?rest_route=\/wp\/v2\/pages\/15\/revisions"}],"predecessor-version":[{"id":317,"href":"https:\/\/www.campinglaportedesfagnes.net\/index.php?rest_route=\/wp\/v2\/pages\/15\/revisions\/317"}],"wp:attachment":[{"href":"https:\/\/www.campinglaportedesfagnes.net\/index.php?rest_route=%2Fwp%2Fv2%2Fmedia&parent=15"}],"curies":[{"name":"wp","href":"https:\/\/api.w.org\/{rel}","templated":true}]}}