{"id":144,"date":"2024-07-03T20:57:16","date_gmt":"2024-07-03T20:57:16","guid":{"rendered":"https:\/\/www.campinglaportedesfagnes.net\/?page_id=144"},"modified":"2024-07-03T23:55:53","modified_gmt":"2024-07-03T23:55:53","slug":"activites","status":"publish","type":"page","link":"https:\/\/www.campinglaportedesfagnes.net\/?page_id=144","title":{"rendered":"Activit\u00e9s de la r\u00e9gion"},"content":{"rendered":"\n<h3 class=\"wp-block-heading has-text-align-center\"><strong>Sur le camping<\/strong><\/h3>\n\n\n\n<ul class=\"wp-block-list\">\n<li><strong>Jeux pour les enfants<\/strong> : Nos aires de jeux s\u00e9curis\u00e9es et vari\u00e9es feront le bonheur des plus petits. Toboggans, balan\u00e7oires et autres structures ludiques garantissent des heures de plaisir.<\/li>\n\n\n\n<li><strong>Terrain de p\u00e9tanque<\/strong> : Amateurs de p\u00e9tanque, venez d\u00e9fier vos amis ou voisins sur notre terrain am\u00e9nag\u00e9. Des tournois amicaux sont r\u00e9guli\u00e8rement organis\u00e9s pour cr\u00e9er des moments de convivialit\u00e9.<\/li>\n\n\n\n<li><strong>Badminton et Ping-Pong<\/strong> : Pour les amateurs de sports de raquette, nos terrains de badminton et nos tables de ping-pong sont \u00e0 votre disposition. Pr\u00eat de mat\u00e9riel disponible \u00e0 l&rsquo;accueil du camping.<\/li>\n<\/ul>\n\n\n\n<figure class=\"wp-block-gallery has-nested-images columns-default is-cropped wp-block-gallery-1 is-layout-flex wp-block-gallery-is-layout-flex\">\n<figure class=\"wp-block-image size-large\"><img loading=\"lazy\" decoding=\"async\" width=\"400\" height=\"300\" data-id=\"209\" src=\"https:\/\/www.campinglaportedesfagnes.net\/wp-content\/uploads\/2024\/07\/plaine-de-jeux-1.jpg\" alt=\"\" class=\"wp-image-209\"\/><\/figure>\n\n\n\n<figure class=\"wp-block-image size-large\"><img loading=\"lazy\" decoding=\"async\" width=\"400\" height=\"300\" data-id=\"210\" src=\"https:\/\/www.campinglaportedesfagnes.net\/wp-content\/uploads\/2024\/07\/terrain-4-1.jpg\" alt=\"\" class=\"wp-image-210\"\/><\/figure>\n<\/figure>\n\n\n\n<hr class=\"wp-block-separator has-alpha-channel-opacity\"\/>\n\n\n\n<h3 class=\"wp-block-heading has-text-align-center\"><strong>Lac du Val Joly (\u00e0 1.5km)<\/strong><\/h3>\n\n\n\n<p>\u00c0 seulement 1,5 km du camping, le Lac du Val Joly est un v\u00e9ritable paradis pour les amateurs de loisirs nautiques et de plein air :<\/p>\n\n\n\n<figure class=\"wp-block-gallery has-nested-images columns-default is-cropped wp-block-gallery-2 is-layout-flex wp-block-gallery-is-layout-flex\">\n<figure class=\"wp-block-image size-large\"><img loading=\"lazy\" decoding=\"async\" width=\"550\" height=\"412\" data-id=\"23\" src=\"https:\/\/www.campinglaportedesfagnes.net\/wp-content\/uploads\/2023\/12\/valjoly.jpg\" alt=\"\" class=\"wp-image-23\"\/><\/figure>\n\n\n\n<figure class=\"wp-block-image size-large\"><img loading=\"lazy\" decoding=\"async\" width=\"1920\" height=\"1098\" data-id=\"212\" src=\"https:\/\/www.campinglaportedesfagnes.net\/wp-content\/uploads\/2024\/07\/paddle-geant-valjoly.jpg\" alt=\"\" class=\"wp-image-212\"\/><\/figure>\n\n\n\n<figure class=\"wp-block-image size-large\"><img loading=\"lazy\" decoding=\"async\" width=\"704\" height=\"396\" data-id=\"213\" src=\"https:\/\/www.campinglaportedesfagnes.net\/wp-content\/uploads\/2024\/07\/optimized_picture-Valtriman_Val_Joly.jpg\" alt=\"\" class=\"wp-image-213\"\/><\/figure>\n\n\n\n<figure class=\"wp-block-image size-large\"><img loading=\"lazy\" decoding=\"async\" width=\"1920\" height=\"1280\" data-id=\"211\" src=\"https:\/\/www.campinglaportedesfagnes.net\/wp-content\/uploads\/2024\/07\/4j8a0500.webp\" alt=\"\" class=\"wp-image-211\"\/><\/figure>\n\n\n\n<figure class=\"wp-block-image size-large\"><img loading=\"lazy\" decoding=\"async\" width=\"2000\" height=\"1333\" data-id=\"214\" src=\"https:\/\/www.campinglaportedesfagnes.net\/wp-content\/uploads\/2024\/07\/valjoly2.jpg\" alt=\"\" class=\"wp-image-214\"\/><\/figure>\n\n\n\n<figure class=\"wp-block-image size-large\"><img loading=\"lazy\" decoding=\"async\" width=\"1560\" height=\"1040\" data-id=\"215\" src=\"https:\/\/www.campinglaportedesfagnes.net\/wp-content\/uploads\/2024\/07\/valjoly-regata.jpg\" alt=\"\" class=\"wp-image-215\"\/><\/figure>\n<\/figure>\n\n\n\n<ul class=\"wp-block-list\">\n<li><strong>Activit\u00e9s nautiques<\/strong> : D\u00e9couvrez les joies de la voile, de la planche \u00e0 voile, du p\u00e9dalo et de la p\u00eache. Le lac offre des conditions id\u00e9ales pour ces activit\u00e9s.<\/li>\n\n\n\n<li><strong>Aquarium et piscine couverte<\/strong> : Pour une sortie familiale, visitez l&rsquo;aquarium ou profitez de la piscine couverte.<\/li>\n\n\n\n<li><strong>\u00c9quitation et Mini-Golf<\/strong> : Pour les amateurs de chevaux, des promenades \u00e0 cheval sont organis\u00e9es. Le mini-golf est une activit\u00e9 id\u00e9ale pour toute la famille.<\/li>\n\n\n\n<li><strong>Parcours accrobranche et tir \u00e0 l&rsquo;arc<\/strong> : Aventurez-vous dans les arbres avec le parcours accrobranche ou testez votre pr\u00e9cision au tir \u00e0 l&rsquo;arc.<\/li>\n<\/ul>\n\n\n\n<hr class=\"wp-block-separator has-alpha-channel-opacity\"\/>\n\n\n\n<h3 class=\"wp-block-heading has-text-align-center\"><strong>Promenades p\u00e9destres et \u00e9questres<\/strong><\/h3>\n\n\n\n<div class=\"wp-block-media-text is-stacked-on-mobile\"><figure class=\"wp-block-media-text__media\"><img loading=\"lazy\" decoding=\"async\" width=\"1709\" height=\"669\" src=\"https:\/\/www.campinglaportedesfagnes.net\/wp-content\/uploads\/2024\/07\/Capture-decran-2024-07-04-012246.png\" alt=\"\" class=\"wp-image-217 size-full\"\/><\/figure><div class=\"wp-block-media-text__content\">\n<p class=\"has-text-align-center\"><br><strong>Boucle Val-Joli \u2013 Tour du Val Joly au d\u00e9part de Willies<\/strong> <\/p>\n\n\n\n<p class=\"has-text-align-center\"><a href=\"https:\/\/www.komoot.com\/fr-fr\/smarttour\/8380232\">https:\/\/www.komoot.com\/fr-fr\/smarttour\/8380232<\/a><\/p>\n\n\n\n<p><\/p>\n<\/div><\/div>\n\n\n\n<div class=\"wp-block-media-text has-media-on-the-right is-stacked-on-mobile\"><div class=\"wp-block-media-text__content\">\n<p class=\"has-text-align-center\"><strong>Boucle La chapelle de Sainte-Hiltrude \u2013 Le voyon au d\u00e9part de Willies<\/strong> <\/p>\n\n\n\n<p class=\"has-text-align-center\"><a href=\"https:\/\/www.komoot.com\/fr-fr\/smarttour\/18707219\" data-type=\"link\" data-id=\"https:\/\/www.komoot.com\/fr-fr\/smarttour\/18707219\">https:\/\/www.komoot.com\/fr-fr\/smarttour\/18707219<\/a><\/p>\n<\/div><figure class=\"wp-block-media-text__media\"><img loading=\"lazy\" decoding=\"async\" width=\"1286\" height=\"688\" src=\"https:\/\/www.campinglaportedesfagnes.net\/wp-content\/uploads\/2024\/07\/Capture-decran-2024-07-04-012652.png\" alt=\"\" class=\"wp-image-218 size-full\"\/><\/figure><\/div>\n\n\n\n<div class=\"wp-block-media-text is-stacked-on-mobile\"><figure class=\"wp-block-media-text__media\"><img loading=\"lazy\" decoding=\"async\" width=\"852\" height=\"754\" src=\"https:\/\/www.campinglaportedesfagnes.net\/wp-content\/uploads\/2024\/07\/Capture-decran-2024-07-04-012949.png\" alt=\"\" class=\"wp-image-219 size-full\"\/><\/figure><div class=\"wp-block-media-text__content\">\n<p class=\"has-text-align-center\"><strong>Circuit de randonn\u00e9e en boucle \u00e0 partir de Eppe-Sauvage<\/strong><\/p>\n\n\n\n<p class=\"has-text-align-center\"><a href=\"https:\/\/www.komoot.com\/fr-fr\/smarttour\/12677499\" data-type=\"link\" data-id=\"https:\/\/www.komoot.com\/fr-fr\/smarttour\/12677499\">https:\/\/www.komoot.com\/fr-fr\/smarttour\/12677499<\/a><\/p>\n\n\n\n<p><\/p>\n<\/div><\/div>\n\n\n\n<hr class=\"wp-block-separator has-alpha-channel-opacity\"\/>\n\n\n\n<h3 class=\"wp-block-heading has-text-align-center\"><strong>Lacs de l&rsquo;Eau d&rsquo;Heure (\u00e0 20km)<\/strong><\/h3>\n\n\n\n<p class=\"has-text-align-center\"><strong>Activit\u00e9s aquatiques et de plein air<\/strong> : \u00c0 seulement 20 km, les Lacs de l&rsquo;Eau d&rsquo;Heure vous offrent une multitude d&rsquo;activit\u00e9s nautiques comme le kayak, le jet-ski et la plong\u00e9e. Des sentiers de randonn\u00e9e et des parcours de VTT sont \u00e9galement disponibles pour les amateurs de nature.<\/p>\n\n\n\n<figure class=\"wp-block-gallery has-nested-images columns-default is-cropped wp-block-gallery-3 is-layout-flex wp-block-gallery-is-layout-flex\">\n<figure class=\"wp-block-image size-large\"><img loading=\"lazy\" decoding=\"async\" width=\"1920\" height=\"1280\" data-id=\"222\" src=\"https:\/\/www.campinglaportedesfagnes.net\/wp-content\/uploads\/2024\/07\/Heure.jpg\" alt=\"\" class=\"wp-image-222\"\/><\/figure>\n\n\n\n<figure class=\"wp-block-image size-large\"><img loading=\"lazy\" decoding=\"async\" width=\"1000\" height=\"1269\" data-id=\"223\" src=\"https:\/\/www.campinglaportedesfagnes.net\/wp-content\/uploads\/2024\/07\/plan-lacs-de-l-eau-d-heure-v2.jpg\" alt=\"\" class=\"wp-image-223\"\/><\/figure>\n\n\n\n<figure class=\"wp-block-image size-large\"><img loading=\"lazy\" decoding=\"async\" width=\"1200\" height=\"800\" data-id=\"224\" src=\"https:\/\/www.campinglaportedesfagnes.net\/wp-content\/uploads\/2024\/07\/lac-de-la-plate-taille.jpg\" alt=\"\" class=\"wp-image-224\"\/><\/figure>\n<\/figure>\n","protected":false},"excerpt":{"rendered":"<p>Sur le camping Lac du Val Joly (\u00e0 1.5km) \u00c0 seulement 1,5 km du camping, le Lac du Val Joly est un v\u00e9ritable paradis pour les amateurs de loisirs nautiques et de plein air : Promenades p\u00e9destres et \u00e9questres Boucle Val-Joli \u2013 Tour du Val Joly au d\u00e9part de Willies https:\/\/www.komoot.com\/fr-fr\/smarttour\/8380232 Boucle La chapelle de [&hellip;]<\/p>\n","protected":false},"author":1,"featured_media":0,"parent":0,"menu_order":0,"comment_status":"closed","ping_status":"closed","template":"","meta":{"footnotes":""},"class_list":["post-144","page","type-page","status-publish","hentry"],"_links":{"self":[{"href":"https:\/\/www.campinglaportedesfagnes.net\/index.php?rest_route=\/wp\/v2\/pages\/144","targetHints":{"allow":["GET"]}}],"collection":[{"href":"https:\/\/www.campinglaportedesfagnes.net\/index.php?rest_route=\/wp\/v2\/pages"}],"about":[{"href":"https:\/\/www.campinglaportedesfagnes.net\/index.php?rest_route=\/wp\/v2\/types\/page"}],"author":[{"embeddable":true,"href":"https:\/\/www.campinglaportedesfagnes.net\/index.php?rest_route=\/wp\/v2\/users\/1"}],"replies":[{"embeddable":true,"href":"https:\/\/www.campinglaportedesfagnes.net\/index.php?rest_route=%2Fwp%2Fv2%2Fcomments&post=144"}],"version-history":[{"count":13,"href":"https:\/\/www.campinglaportedesfagnes.net\/index.php?rest_route=\/wp\/v2\/pages\/144\/revisions"}],"predecessor-version":[{"id":245,"href":"https:\/\/www.campinglaportedesfagnes.net\/index.php?rest_route=\/wp\/v2\/pages\/144\/revisions\/245"}],"wp:attachment":[{"href":"https:\/\/www.campinglaportedesfagnes.net\/index.php?rest_route=%2Fwp%2Fv2%2Fmedia&parent=144"}],"curies":[{"name":"wp","href":"https:\/\/api.w.org\/{rel}","templated":true}]}}