{"id":142,"date":"2024-07-03T20:57:03","date_gmt":"2024-07-03T20:57:03","guid":{"rendered":"https:\/\/www.campinglaportedesfagnes.net\/?page_id=142"},"modified":"2024-08-25T19:46:24","modified_gmt":"2024-08-25T19:46:24","slug":"emplacements","status":"publish","type":"page","link":"https:\/\/www.campinglaportedesfagnes.net\/?page_id=142","title":{"rendered":"Emplacements Location \u00e0 l&rsquo;ann\u00e9e"},"content":{"rendered":"\n<p class=\"has-text-align-center\"><strong>D\u00e9couvrez nos diff\u00e9rents types d&#8217;emplacements pour Caravanes roulantes ou r\u00e9sidentielles<\/strong><\/p>\n\n\n\n<h6 class=\"wp-block-heading has-text-align-center\"><strong>Caract\u00e9ristiques des emplacement<\/strong>s<\/h6>\n\n\n\n<div class=\"wp-block-columns is-layout-flex wp-container-core-columns-is-layout-28f84493 wp-block-columns-is-layout-flex\">\n<div class=\"wp-block-column is-layout-flow wp-block-column-is-layout-flow\" style=\"flex-basis:100%\">\n<div class=\"wp-block-group is-content-justification-center is-layout-flex wp-container-core-group-is-layout-b02886af wp-block-group-is-layout-flex\">\n<p><strong>\u2022 Surface adapt\u00e9e<\/strong><\/p>\n\n\n\n<p>\u2022 <strong>Espace arbor\u00e9<\/strong><\/p>\n\n\n\n<p>\u2022 <strong>Confort moderne<\/strong><\/p>\n\n\n\n<p>\u2022 <strong>Connexions WIFI gratuit<\/strong><\/p>\n\n\n\n<p>\u2022 <strong>Acc\u00e8s pratique<\/strong><\/p>\n<\/div>\n<\/div>\n<\/div>\n\n\n\n<hr class=\"wp-block-separator has-alpha-channel-opacity\"\/>\n\n\n\n<h4 class=\"wp-block-heading has-text-align-center\"><strong><span style=\"text-decoration: underline;\">LE PETIT: Un coin de paradis intime et confortable<\/span><\/strong><\/h4>\n\n\n\n<p class=\"has-text-align-center\">Bienvenue sur notre petit emplacement (jusque <strong>100 m2<\/strong>), id\u00e9al pour ceux qui recherchent intimit\u00e9 et tranquillit\u00e9 au c\u0153ur de la nature. Nich\u00e9 dans un environnement verdoyant, cet espace vous offre tout le confort n\u00e9cessaire pour un s\u00e9jour reposant et agr\u00e9able.<\/p>\n\n\n\n<figure class=\"wp-block-image aligncenter size-full is-resized\"><img loading=\"lazy\" decoding=\"async\" width=\"640\" height=\"480\" src=\"https:\/\/www.campinglaportedesfagnes.net\/wp-content\/uploads\/2024\/06\/camping-la-porte-des-fagnes-2.jpg\" alt=\"\" class=\"wp-image-120\" style=\"width:428px\"\/><\/figure>\n\n\n\n<div class=\"wp-block-buttons is-content-justification-center is-layout-flex wp-container-core-buttons-is-layout-a89b3969 wp-block-buttons-is-layout-flex\">\n<div class=\"wp-block-button\"><a class=\"wp-block-button__link has-text-align-center wp-element-button\" href=\"https:\/\/www.campinglaportedesfagnes.net\/?page_id=235\">Int\u00e9ress\u00e9 ? Contactez-nous !<\/a><\/div>\n\n\n\n<div class=\"wp-block-button\"><a class=\"wp-block-button__link wp-element-button\" href=\"https:\/\/www.campinglaportedesfagnes.net\/?page_id=330\" target=\"_blank\" rel=\"noreferrer noopener\">Tarifs<\/a><\/div>\n<\/div>\n\n\n\n<hr class=\"wp-block-separator has-alpha-channel-opacity\"\/>\n\n\n\n<h4 class=\"wp-block-heading has-text-align-center\"><strong><span style=\"text-decoration: underline;\">LE MOYEN: Un \u00e9quilibre parfait entre espace et confort<\/span><\/strong><\/h4>\n\n\n\n<p class=\"has-text-align-center\">Bienvenue sur notre emplacement moyen (jusque <strong>150 m2<\/strong>), parfait pour ceux qui recherchent un \u00e9quilibre parfait entre espace et intimit\u00e9. Situ\u00e9 au c\u0153ur de notre magnifique camping, cet emplacement offre tout le n\u00e9cessaire pour un s\u00e9jour confortable et agr\u00e9able en pleine nature.<\/p>\n\n\n\n<figure class=\"wp-block-image aligncenter size-large is-resized\"><img loading=\"lazy\" decoding=\"async\" width=\"1066\" height=\"800\" src=\"https:\/\/www.campinglaportedesfagnes.net\/wp-content\/uploads\/2024\/06\/camping-la-porte-des-fagnes-3.jpg\" alt=\"\" class=\"wp-image-118\" style=\"width:428px\"\/><\/figure>\n\n\n\n<div class=\"wp-block-buttons is-content-justification-center is-layout-flex wp-container-core-buttons-is-layout-a89b3969 wp-block-buttons-is-layout-flex\">\n<div class=\"wp-block-button\"><a class=\"wp-block-button__link has-text-align-center wp-element-button\" href=\"https:\/\/www.campinglaportedesfagnes.net\/?page_id=235\">Int\u00e9ress\u00e9 ? Contactez-nous !<\/a><\/div>\n\n\n\n<div class=\"wp-block-button\"><a class=\"wp-block-button__link has-text-align-center wp-element-button\" href=\"https:\/\/www.campinglaportedesfagnes.net\/?page_id=330\" target=\"_blank\" rel=\"noreferrer noopener\">Tarifs<\/a><\/div>\n<\/div>\n\n\n\n<hr class=\"wp-block-separator has-alpha-channel-opacity\"\/>\n\n\n\n<h4 class=\"wp-block-heading has-text-align-center\"><span style=\"text-decoration: underline;\"><strong>LE GRAND: Un emplacement spacieux et confortable<\/strong><\/span><\/h4>\n\n\n\n<p class=\"has-text-align-center\">Bienvenue sur notre grand emplacement (jusque <strong>200 m2<\/strong>), id\u00e9al pour ceux qui recherchent un vaste espace pour un s\u00e9jour en pleine nature. Situ\u00e9 dans un cadre exceptionnel, cet emplacement offre tout le confort et l&rsquo;espace n\u00e9cessaire pour des vacances inoubliables.<\/p>\n\n\n\n<figure class=\"wp-block-image aligncenter size-large is-resized\"><img loading=\"lazy\" decoding=\"async\" width=\"600\" height=\"458\" src=\"https:\/\/www.campinglaportedesfagnes.net\/wp-content\/uploads\/2024\/07\/6b483174-e4a1-4b15-ac67-a80cbb19027f-1.jpeg\" alt=\"\" class=\"wp-image-177\" style=\"width:428px\"\/><\/figure>\n\n\n\n<div class=\"wp-block-buttons is-content-justification-center is-layout-flex wp-container-core-buttons-is-layout-a89b3969 wp-block-buttons-is-layout-flex\">\n<div class=\"wp-block-button\"><a class=\"wp-block-button__link wp-element-button\" href=\"https:\/\/www.campinglaportedesfagnes.net\/?page_id=235\">Int\u00e9ress\u00e9 ? Contactez-nous !<\/a><\/div>\n\n\n\n<div class=\"wp-block-button\"><a class=\"wp-block-button__link wp-element-button\" href=\"https:\/\/www.campinglaportedesfagnes.net\/?page_id=330\" target=\"_blank\" rel=\"noreferrer noopener\">Tarifs<\/a><\/div>\n<\/div>\n\n\n\n<hr class=\"wp-block-separator has-alpha-channel-opacity\"\/>\n\n\n\n<h4 class=\"wp-block-heading has-text-align-center\"><span style=\"text-decoration: underline;\"><strong>LE XL: Un espace g\u00e9n\u00e9reux pour un confort optimal<\/strong><\/span><\/h4>\n\n\n\n<p class=\"has-text-align-center\">Bienvenue sur notre emplacement XXL (jusque <strong>300 m2<\/strong>), parfait pour ceux qui recherchent un large espace calme et en pleine nature. Au milieu d&rsquo;un environnement calme et bois\u00e9, cet emplacement offre tout l&rsquo;espace n\u00e9cessaire pour un s\u00e9jour plaisant et confortable.<\/p>\n\n\n\n<figure class=\"wp-block-image aligncenter size-full is-resized\"><img loading=\"lazy\" decoding=\"async\" width=\"600\" height=\"450\" src=\"https:\/\/www.campinglaportedesfagnes.net\/wp-content\/uploads\/2023\/12\/terrain.jpg\" alt=\"\" class=\"wp-image-33\" style=\"width:428px;height:auto\"\/><\/figure>\n\n\n\n<div class=\"wp-block-buttons is-content-justification-center is-layout-flex wp-container-core-buttons-is-layout-a89b3969 wp-block-buttons-is-layout-flex\">\n<div class=\"wp-block-button\"><a class=\"wp-block-button__link wp-element-button\" href=\"https:\/\/www.campinglaportedesfagnes.net\/?page_id=235\">Int\u00e9ress\u00e9 ? Contactez-nous !<\/a><\/div>\n\n\n\n<div class=\"wp-block-button\"><a class=\"wp-block-button__link wp-element-button\" href=\"https:\/\/www.campinglaportedesfagnes.net\/?page_id=330\" target=\"_blank\" rel=\"noreferrer noopener\">Tarifs<\/a><\/div>\n<\/div>\n\n\n\n<hr class=\"wp-block-separator has-alpha-channel-opacity\"\/>\n\n\n\n<h4 class=\"wp-block-heading has-text-align-center\"><span style=\"text-decoration: underline;\"><strong>LE XXL: Un large emplacement pour votre confort<\/strong><\/span><\/h4>\n\n\n\n<p class=\"has-text-align-center\">Bienvenue sur notre emplacement XXL (plus de <strong>300 m2<\/strong>), qui offre le terrain le plus grand de notre camping, vous promettant tout l&rsquo;espace n\u00e9cessaire pour vous sentir \u00e0 votre aise durant votre s\u00e9jour.<\/p>\n\n\n\n<figure class=\"wp-block-image aligncenter size-full is-resized\"><img loading=\"lazy\" decoding=\"async\" width=\"400\" height=\"300\" src=\"https:\/\/www.campinglaportedesfagnes.net\/wp-content\/uploads\/2024\/07\/terrain-4-1.jpg\" alt=\"\" class=\"wp-image-210\" style=\"width:428px;height:auto\"\/><\/figure>\n\n\n\n<div class=\"wp-block-buttons is-content-justification-center is-layout-flex wp-container-core-buttons-is-layout-a89b3969 wp-block-buttons-is-layout-flex\">\n<div class=\"wp-block-button\"><a class=\"wp-block-button__link wp-element-button\" href=\"https:\/\/www.campinglaportedesfagnes.net\/?page_id=235\">Int\u00e9ress\u00e9 ? Contactez-nous !<\/a><\/div>\n\n\n\n<div class=\"wp-block-button\"><a class=\"wp-block-button__link wp-element-button\" href=\"https:\/\/www.campinglaportedesfagnes.net\/?page_id=330\" target=\"_blank\" rel=\"noreferrer noopener\">Tarifs<\/a><\/div>\n<\/div>\n","protected":false},"excerpt":{"rendered":"<p>D\u00e9couvrez nos diff\u00e9rents types d&#8217;emplacements pour Caravanes roulantes ou r\u00e9sidentielles Caract\u00e9ristiques des emplacements \u2022 Surface adapt\u00e9e \u2022 Espace arbor\u00e9 \u2022 Confort moderne \u2022 Connexions WIFI gratuit \u2022 Acc\u00e8s pratique LE PETIT: Un coin de paradis intime et confortable Bienvenue sur notre petit emplacement (jusque 100 m2), id\u00e9al pour ceux qui recherchent intimit\u00e9 et tranquillit\u00e9 au [&hellip;]<\/p>\n","protected":false},"author":1,"featured_media":0,"parent":0,"menu_order":0,"comment_status":"closed","ping_status":"closed","template":"","meta":{"footnotes":""},"class_list":["post-142","page","type-page","status-publish","hentry"],"_links":{"self":[{"href":"https:\/\/www.campinglaportedesfagnes.net\/index.php?rest_route=\/wp\/v2\/pages\/142","targetHints":{"allow":["GET"]}}],"collection":[{"href":"https:\/\/www.campinglaportedesfagnes.net\/index.php?rest_route=\/wp\/v2\/pages"}],"about":[{"href":"https:\/\/www.campinglaportedesfagnes.net\/index.php?rest_route=\/wp\/v2\/types\/page"}],"author":[{"embeddable":true,"href":"https:\/\/www.campinglaportedesfagnes.net\/index.php?rest_route=\/wp\/v2\/users\/1"}],"replies":[{"embeddable":true,"href":"https:\/\/www.campinglaportedesfagnes.net\/index.php?rest_route=%2Fwp%2Fv2%2Fcomments&post=142"}],"version-history":[{"count":41,"href":"https:\/\/www.campinglaportedesfagnes.net\/index.php?rest_route=\/wp\/v2\/pages\/142\/revisions"}],"predecessor-version":[{"id":334,"href":"https:\/\/www.campinglaportedesfagnes.net\/index.php?rest_route=\/wp\/v2\/pages\/142\/revisions\/334"}],"wp:attachment":[{"href":"https:\/\/www.campinglaportedesfagnes.net\/index.php?rest_route=%2Fwp%2Fv2%2Fmedia&parent=142"}],"curies":[{"name":"wp","href":"https:\/\/api.w.org\/{rel}","templated":true}]}}